{"id":105,"date":"2025-05-05T15:21:54","date_gmt":"2025-05-05T18:21:54","guid":{"rendered":"https:\/\/wbagestao.com\/wbagestao\/?page_id=105"},"modified":"2025-12-19T15:53:29","modified_gmt":"2025-12-19T18:53:29","slug":"contato","status":"publish","type":"page","link":"https:\/\/wbagestao.com\/wbagestao\/contato\/","title":{"rendered":"Contato"},"content":{"rendered":"\t\t<div data-elementor-type=\"wp-page\" data-elementor-id=\"105\" class=\"elementor elementor-105\" data-elementor-post-type=\"page\">\n\t\t\t\t<div class=\"elementor-element elementor-element-df1c8e6 e-flex e-con-boxed e-con e-parent\" data-id=\"df1c8e6\" data-element_type=\"container\" data-settings=\"{&quot;background_background&quot;:&quot;classic&quot;}\">\n\t\t\t\t\t<div class=\"e-con-inner\">\n\t\t\t\t<div class=\"elementor-element elementor-element-f91807e elementor-widget elementor-widget-heading\" data-id=\"f91807e\" data-element_type=\"widget\" data-widget_type=\"heading.default\">\n\t\t\t\t<div class=\"elementor-widget-container\">\n\t\t\t\t\t<h1 class=\"elementor-heading-title elementor-size-default\">Contato<\/h1>\t\t\t\t<\/div>\n\t\t\t\t<\/div>\n\t\t\t\t<div class=\"elementor-element elementor-element-c649b7c elementor-widget elementor-widget-heading\" data-id=\"c649b7c\" data-element_type=\"widget\" data-widget_type=\"heading.default\">\n\t\t\t\t<div class=\"elementor-widget-container\">\n\t\t\t\t\t<span class=\"elementor-heading-title elementor-size-default\">Home - <span style=\"color:#39a4dd\">Fale conosco<\/span><\/span>\t\t\t\t<\/div>\n\t\t\t\t<\/div>\n\t\t\t\t\t<\/div>\n\t\t\t\t<\/div>\n\t\t<div class=\"elementor-element elementor-element-60361b4 e-flex e-con-boxed e-con e-parent\" data-id=\"60361b4\" data-element_type=\"container\">\n\t\t\t\t\t<div class=\"e-con-inner\">\n\t\t<div class=\"elementor-element elementor-element-75f2742 e-con-full e-flex e-con e-child\" data-id=\"75f2742\" data-element_type=\"container\">\n\t\t\t\t<div class=\"elementor-element elementor-element-f8cf9dd elementor-widget__width-initial elementor-widget elementor-widget-heading\" data-id=\"f8cf9dd\" data-element_type=\"widget\" data-widget_type=\"heading.default\">\n\t\t\t\t<div class=\"elementor-widget-container\">\n\t\t\t\t\t<h2 class=\"elementor-heading-title elementor-size-default\">WBAGest\u00e3o<\/h2>\t\t\t\t<\/div>\n\t\t\t\t<\/div>\n\t\t\t\t<div class=\"elementor-element elementor-element-7b3041e elementor-widget__width-initial elementor-widget elementor-widget-heading\" data-id=\"7b3041e\" data-element_type=\"widget\" data-widget_type=\"heading.default\">\n\t\t\t\t<div class=\"elementor-widget-container\">\n\t\t\t\t\t<span class=\"elementor-heading-title elementor-size-default\">Contato<\/span>\t\t\t\t<\/div>\n\t\t\t\t<\/div>\n\t\t<div class=\"elementor-element elementor-element-87eca0b e-con-full e-flex e-con e-child\" data-id=\"87eca0b\" data-element_type=\"container\">\n\t\t\t\t<div class=\"elementor-element elementor-element-9efab28 elementor-icon-list--layout-traditional elementor-list-item-link-full_width elementor-widget elementor-widget-icon-list\" data-id=\"9efab28\" data-element_type=\"widget\" data-widget_type=\"icon-list.default\">\n\t\t\t\t<div class=\"elementor-widget-container\">\n\t\t\t\t\t\t\t<ul class=\"elementor-icon-list-items\">\n\t\t\t\t\t\t\t<li class=\"elementor-icon-list-item\">\n\t\t\t\t\t\t\t\t\t\t\t<a href=\"https:\/\/api.whatsapp.com\/send\/?phone=551125795279\" target=\"_blank\">\n\n\t\t\t\t\t\t\t\t\t\t\t<span class=\"elementor-icon-list-text\"><span style=\"font-size:22px;font-weight: 700;letter-spacing: 0px;line-height: 30px;\">Mau\u00e1<\/span><\/span>\n\t\t\t\t\t\t\t\t\t\t\t<\/a>\n\t\t\t\t\t\t\t\t\t<\/li>\n\t\t\t\t\t\t\t\t<li class=\"elementor-icon-list-item\">\n\t\t\t\t\t\t\t\t\t\t\t<a href=\"https:\/\/api.whatsapp.com\/send\/?phone=551125795279\" target=\"_blank\">\n\n\t\t\t\t\t\t\t\t\t\t\t<span class=\"elementor-icon-list-text\"><span style=\"font-size:22px;font-weight: 700;letter-spacing: 0px;line-height: 30px;\">Bragan\u00e7a Paulista<\/span><\/span>\n\t\t\t\t\t\t\t\t\t\t\t<\/a>\n\t\t\t\t\t\t\t\t\t<\/li>\n\t\t\t\t\t\t\t\t<li class=\"elementor-icon-list-item\">\n\t\t\t\t\t\t\t\t\t\t\t<a href=\"https:\/\/api.whatsapp.com\/send\/?phone=551125795279\" target=\"_blank\">\n\n\t\t\t\t\t\t\t\t\t\t\t<span class=\"elementor-icon-list-text\"><span style=\"font-size:22px;font-weight: 700;letter-spacing: 0px;line-height: 30px;\">Santos<\/span><br>(11) 2579-5279<\/span>\n\t\t\t\t\t\t\t\t\t\t\t<\/a>\n\t\t\t\t\t\t\t\t\t<\/li>\n\t\t\t\t\t\t<\/ul>\n\t\t\t\t\t\t<\/div>\n\t\t\t\t<\/div>\n\t\t\t\t<div class=\"elementor-element elementor-element-1009e40 elementor-widget elementor-widget-image\" data-id=\"1009e40\" data-element_type=\"widget\" data-widget_type=\"image.default\">\n\t\t\t\t<div class=\"elementor-widget-container\">\n\t\t\t\t\t\t\t\t\t\t\t\t\t\t\t<img decoding=\"async\" width=\"56\" height=\"56\" src=\"https:\/\/wbagestao.com\/wbagestao\/wp-content\/uploads\/2025\/05\/phone-icon.webp\" class=\"attachment-full size-full wp-image-30\" alt=\"\" \/>\t\t\t\t\t\t\t\t\t\t\t\t\t\t\t<\/div>\n\t\t\t\t<\/div>\n\t\t\t\t<\/div>\n\t\t<div class=\"elementor-element elementor-element-1da9dac e-con-full e-flex e-con e-child\" data-id=\"1da9dac\" data-element_type=\"container\">\n\t\t\t\t<div class=\"elementor-element elementor-element-3479384 elementor-view-default elementor-widget elementor-widget-icon\" data-id=\"3479384\" data-element_type=\"widget\" data-widget_type=\"icon.default\">\n\t\t\t\t<div class=\"elementor-widget-container\">\n\t\t\t\t\t\t\t<div class=\"elementor-icon-wrapper\">\n\t\t\t<div class=\"elementor-icon\">\n\t\t\t<i aria-hidden=\"true\" class=\"fas fa-envelope\"><\/i>\t\t\t<\/div>\n\t\t<\/div>\n\t\t\t\t\t\t<\/div>\n\t\t\t\t<\/div>\n\t\t\t\t<div class=\"elementor-element elementor-element-c9bcf00 elementor-icon-list--layout-traditional elementor-list-item-link-full_width elementor-widget elementor-widget-icon-list\" data-id=\"c9bcf00\" data-element_type=\"widget\" data-widget_type=\"icon-list.default\">\n\t\t\t\t<div class=\"elementor-widget-container\">\n\t\t\t\t\t\t\t<ul class=\"elementor-icon-list-items\">\n\t\t\t\t\t\t\t<li class=\"elementor-icon-list-item\">\n\t\t\t\t\t\t\t\t\t\t\t<a href=\"mailto:comercial@wbagestao.com\" target=\"_blank\">\n\n\t\t\t\t\t\t\t\t\t\t\t<span class=\"elementor-icon-list-text\">comercial@wbagestao.com<\/span>\n\t\t\t\t\t\t\t\t\t\t\t<\/a>\n\t\t\t\t\t\t\t\t\t<\/li>\n\t\t\t\t\t\t<\/ul>\n\t\t\t\t\t\t<\/div>\n\t\t\t\t<\/div>\n\t\t\t\t<\/div>\n\t\t\t\t<\/div>\n\t\t<div class=\"elementor-element elementor-element-127efd0 e-con-full e-flex e-con e-child\" data-id=\"127efd0\" data-element_type=\"container\">\n\t\t\t\t<div class=\"elementor-element elementor-element-b27afdb elementor-button-align-start elementor-widget elementor-widget-form\" data-id=\"b27afdb\" data-element_type=\"widget\" data-settings=\"{&quot;step_next_label&quot;:&quot;Next&quot;,&quot;step_previous_label&quot;:&quot;Previous&quot;,&quot;button_width&quot;:&quot;100&quot;,&quot;step_type&quot;:&quot;number_text&quot;,&quot;step_icon_shape&quot;:&quot;circle&quot;}\" data-widget_type=\"form.default\">\n\t\t\t\t<div class=\"elementor-widget-container\">\n\t\t\t\t\t\t\t<form class=\"elementor-form\" method=\"post\" name=\"New Form\">\n\t\t\t<input type=\"hidden\" name=\"post_id\" value=\"105\"\/>\n\t\t\t<input type=\"hidden\" name=\"form_id\" value=\"b27afdb\"\/>\n\t\t\t<input type=\"hidden\" name=\"referer_title\" value=\"WBA\" \/>\n\n\t\t\t\n\t\t\t<div class=\"elementor-form-fields-wrapper elementor-labels-above\">\n\t\t\t\t\t\t\t\t<div class=\"elementor-field-type-text elementor-field-group elementor-column elementor-field-group-name elementor-col-50 elementor-field-required\">\n\t\t\t\t\t\t\t\t\t\t\t\t<label for=\"form-field-name\" class=\"elementor-field-label\">\n\t\t\t\t\t\t\t\tNome\t\t\t\t\t\t\t<\/label>\n\t\t\t\t\t\t\t\t\t\t\t\t\t\t<input size=\"1\" type=\"text\" name=\"form_fields[name]\" id=\"form-field-name\" class=\"elementor-field elementor-size-sm  elementor-field-textual\" placeholder=\"Nome\" required=\"required\">\n\t\t\t\t\t\t\t\t\t\t\t<\/div>\n\t\t\t\t\t\t\t\t<div class=\"elementor-field-type-email elementor-field-group elementor-column elementor-field-group-email elementor-col-50 elementor-field-required\">\n\t\t\t\t\t\t\t\t\t\t\t\t<label for=\"form-field-email\" class=\"elementor-field-label\">\n\t\t\t\t\t\t\t\tEmail\t\t\t\t\t\t\t<\/label>\n\t\t\t\t\t\t\t\t\t\t\t\t\t\t<input size=\"1\" type=\"email\" name=\"form_fields[email]\" id=\"form-field-email\" class=\"elementor-field elementor-size-sm  elementor-field-textual\" placeholder=\"Email\" required=\"required\">\n\t\t\t\t\t\t\t\t\t\t\t<\/div>\n\t\t\t\t\t\t\t\t<div class=\"elementor-field-type-tel elementor-field-group elementor-column elementor-field-group-field_d909e8f elementor-col-50 elementor-field-required\">\n\t\t\t\t\t\t\t\t\t\t\t\t<label for=\"form-field-field_d909e8f\" class=\"elementor-field-label\">\n\t\t\t\t\t\t\t\tTelefone\t\t\t\t\t\t\t<\/label>\n\t\t\t\t\t\t\t\t<input size=\"1\" type=\"tel\" name=\"form_fields[field_d909e8f]\" id=\"form-field-field_d909e8f\" class=\"elementor-field elementor-size-sm  elementor-field-textual\" placeholder=\"Telefone\" required=\"required\" pattern=\"[0-9()#&amp;+*-=.]+\" title=\"Only numbers and phone characters (#, -, *, etc) are accepted.\">\n\n\t\t\t\t\t\t<\/div>\n\t\t\t\t\t\t\t\t<div class=\"elementor-field-type-text elementor-field-group elementor-column elementor-field-group-field_030b50e elementor-col-50 elementor-field-required\">\n\t\t\t\t\t\t\t\t\t\t\t\t<label for=\"form-field-field_030b50e\" class=\"elementor-field-label\">\n\t\t\t\t\t\t\t\tAssunto\t\t\t\t\t\t\t<\/label>\n\t\t\t\t\t\t\t\t\t\t\t\t\t\t<input size=\"1\" type=\"text\" name=\"form_fields[field_030b50e]\" id=\"form-field-field_030b50e\" class=\"elementor-field elementor-size-sm  elementor-field-textual\" placeholder=\"Assunto\" required=\"required\">\n\t\t\t\t\t\t\t\t\t\t\t<\/div>\n\t\t\t\t\t\t\t\t<div class=\"elementor-field-type-textarea elementor-field-group elementor-column elementor-field-group-message elementor-col-100 elementor-field-required\">\n\t\t\t\t\t\t\t\t\t\t\t\t<label for=\"form-field-message\" class=\"elementor-field-label\">\n\t\t\t\t\t\t\t\tMensagem\t\t\t\t\t\t\t<\/label>\n\t\t\t\t\t\t<textarea class=\"elementor-field-textual elementor-field  elementor-size-sm\" name=\"form_fields[message]\" id=\"form-field-message\" rows=\"7\" placeholder=\"Mensagem\" required=\"required\"><\/textarea>\t\t\t\t<\/div>\n\t\t\t\t\t\t\t\t<div class=\"elementor-field-group elementor-column elementor-field-type-submit elementor-col-100 e-form__buttons\">\n\t\t\t\t\t<button class=\"elementor-button elementor-size-sm\" type=\"submit\">\n\t\t\t\t\t\t<span class=\"elementor-button-content-wrapper\">\n\t\t\t\t\t\t\t\t\t\t\t\t\t\t\t<span class=\"elementor-button-icon\">\n\t\t\t\t\t\t\t\t\t<i aria-hidden=\"true\" class=\"fas fa-arrow-right\"><\/i>\t\t\t\t\t\t\t\t\t\t\t\t\t\t\t\t\t<\/span>\n\t\t\t\t\t\t\t\t\t\t\t\t\t\t\t\t\t\t\t\t\t\t<span class=\"elementor-button-text\">Enviar mensagem<\/span>\n\t\t\t\t\t\t\t\t\t\t\t\t\t<\/span>\n\t\t\t\t\t<\/button>\n\t\t\t\t<\/div>\n\t\t\t<\/div>\n\t\t<\/form>\n\t\t\t\t\t\t<\/div>\n\t\t\t\t<\/div>\n\t\t\t\t<\/div>\n\t\t\t\t\t<\/div>\n\t\t\t\t<\/div>\n\t\t<div class=\"elementor-element elementor-element-d32271d e-flex e-con-boxed e-con e-parent\" data-id=\"d32271d\" data-element_type=\"container\" data-settings=\"{&quot;background_background&quot;:&quot;classic&quot;}\">\n\t\t\t\t\t<div class=\"e-con-inner\">\n\t\t\t\t<div class=\"elementor-element elementor-element-4eba346 elementor-widget__width-initial elementor-widget elementor-widget-heading\" data-id=\"4eba346\" data-element_type=\"widget\" data-widget_type=\"heading.default\">\n\t\t\t\t<div class=\"elementor-widget-container\">\n\t\t\t\t\t<h2 class=\"elementor-heading-title elementor-size-default\">WBAGest\u00e3o Software e Tecnologia<\/h2>\t\t\t\t<\/div>\n\t\t\t\t<\/div>\n\t\t\t\t<div class=\"elementor-element elementor-element-ac473c6 elementor-widget__width-initial elementor-widget elementor-widget-heading\" data-id=\"ac473c6\" data-element_type=\"widget\" data-widget_type=\"heading.default\">\n\t\t\t\t<div class=\"elementor-widget-container\">\n\t\t\t\t\t<span class=\"elementor-heading-title elementor-size-default\">Descubra o melhor para sua loja hoje mesmo!<\/span>\t\t\t\t<\/div>\n\t\t\t\t<\/div>\n\t\t\t\t<div class=\"elementor-element elementor-element-8cb650d elementor-widget__width-initial elementor-widget elementor-widget-button\" data-id=\"8cb650d\" data-element_type=\"widget\" data-widget_type=\"button.default\">\n\t\t\t\t<div class=\"elementor-widget-container\">\n\t\t\t\t\t\t\t\t\t<div class=\"elementor-button-wrapper\">\n\t\t\t\t\t<a class=\"elementor-button elementor-button-link elementor-size-sm\" href=\"https:\/\/api.whatsapp.com\/send\/?phone=551125795279\" target=\"_blank\">\n\t\t\t\t\t\t<span class=\"elementor-button-content-wrapper\">\n\t\t\t\t\t\t<span class=\"elementor-button-icon\">\n\t\t\t\t<i aria-hidden=\"true\" class=\"fas fa-arrow-right\"><\/i>\t\t\t<\/span>\n\t\t\t\t\t\t\t\t\t<span class=\"elementor-button-text\">Fale conosco<\/span>\n\t\t\t\t\t<\/span>\n\t\t\t\t\t<\/a>\n\t\t\t\t<\/div>\n\t\t\t\t\t\t\t\t<\/div>\n\t\t\t\t<\/div>\n\t\t\t\t\t<\/div>\n\t\t\t\t<\/div>\n\t\t\t\t<\/div>\n\t\t","protected":false},"excerpt":{"rendered":"<p>Contato Home &#8211; Fale conosco WBAGest\u00e3o Contato Mau\u00e1 Bragan\u00e7a Paulista Santos(11) 2579-5279 comercial@wbagestao.com WBAGest\u00e3o Software e Tecnologia Descubra o melhor para sua loja hoje mesmo! Fale conosco<\/p>\n","protected":false},"author":1,"featured_media":0,"parent":0,"menu_order":0,"comment_status":"closed","ping_status":"closed","template":"","meta":{"footnotes":""},"class_list":["post-105","page","type-page","status-publish","hentry"],"yoast_head":"<!-- This site is optimized with the Yoast SEO plugin v26.6 - https:\/\/yoast.com\/wordpress\/plugins\/seo\/ -->\n<title>Contato - WBA<\/title>\n<meta name=\"robots\" content=\"index, follow, max-snippet:-1, max-image-preview:large, max-video-preview:-1\" \/>\n<link rel=\"canonical\" href=\"https:\/\/wbagestao.com\/wbagestao\/contato\/\" \/>\n<meta property=\"og:locale\" content=\"pt_BR\" \/>\n<meta property=\"og:type\" content=\"article\" \/>\n<meta property=\"og:title\" content=\"Contato - WBA\" \/>\n<meta property=\"og:description\" content=\"Contato Home &#8211; Fale conosco WBAGest\u00e3o Contato Mau\u00e1 Bragan\u00e7a Paulista Santos(11) 2579-5279 comercial@wbagestao.com WBAGest\u00e3o Software e Tecnologia Descubra o melhor para sua loja hoje mesmo! Fale conosco\" \/>\n<meta property=\"og:url\" content=\"https:\/\/wbagestao.com\/wbagestao\/contato\/\" \/>\n<meta property=\"og:site_name\" content=\"WBA\" \/>\n<meta property=\"article:modified_time\" content=\"2025-12-19T18:53:29+00:00\" \/>\n<meta property=\"og:image\" content=\"https:\/\/wbagestao.com\/wbagestao\/wp-content\/uploads\/2025\/05\/phone-icon.webp\" \/>\n\t<meta property=\"og:image:width\" content=\"56\" \/>\n\t<meta property=\"og:image:height\" content=\"56\" \/>\n\t<meta property=\"og:image:type\" content=\"image\/webp\" \/>\n<meta name=\"twitter:card\" content=\"summary_large_image\" \/>\n<script type=\"application\/ld+json\" class=\"yoast-schema-graph\">{\"@context\":\"https:\/\/schema.org\",\"@graph\":[{\"@type\":\"WebPage\",\"@id\":\"https:\/\/wbagestao.com\/wbagestao\/contato\/\",\"url\":\"https:\/\/wbagestao.com\/wbagestao\/contato\/\",\"name\":\"Contato - WBA\",\"isPartOf\":{\"@id\":\"https:\/\/wbagestao.com\/wbagestao\/#website\"},\"primaryImageOfPage\":{\"@id\":\"https:\/\/wbagestao.com\/wbagestao\/contato\/#primaryimage\"},\"image\":{\"@id\":\"https:\/\/wbagestao.com\/wbagestao\/contato\/#primaryimage\"},\"thumbnailUrl\":\"https:\/\/wbagestao.com\/wbagestao\/wp-content\/uploads\/2025\/05\/phone-icon.webp\",\"datePublished\":\"2025-05-05T18:21:54+00:00\",\"dateModified\":\"2025-12-19T18:53:29+00:00\",\"breadcrumb\":{\"@id\":\"https:\/\/wbagestao.com\/wbagestao\/contato\/#breadcrumb\"},\"inLanguage\":\"pt-BR\",\"potentialAction\":[{\"@type\":\"ReadAction\",\"target\":[\"https:\/\/wbagestao.com\/wbagestao\/contato\/\"]}]},{\"@type\":\"ImageObject\",\"inLanguage\":\"pt-BR\",\"@id\":\"https:\/\/wbagestao.com\/wbagestao\/contato\/#primaryimage\",\"url\":\"https:\/\/wbagestao.com\/wbagestao\/wp-content\/uploads\/2025\/05\/phone-icon.webp\",\"contentUrl\":\"https:\/\/wbagestao.com\/wbagestao\/wp-content\/uploads\/2025\/05\/phone-icon.webp\",\"width\":56,\"height\":56},{\"@type\":\"BreadcrumbList\",\"@id\":\"https:\/\/wbagestao.com\/wbagestao\/contato\/#breadcrumb\",\"itemListElement\":[{\"@type\":\"ListItem\",\"position\":1,\"name\":\"Home\",\"item\":\"https:\/\/wbagestao.com\/wbagestao\/\"},{\"@type\":\"ListItem\",\"position\":2,\"name\":\"Contato\"}]},{\"@type\":\"WebSite\",\"@id\":\"https:\/\/wbagestao.com\/wbagestao\/#website\",\"url\":\"https:\/\/wbagestao.com\/wbagestao\/\",\"name\":\"WBA\",\"description\":\"\",\"publisher\":{\"@id\":\"https:\/\/wbagestao.com\/wbagestao\/#organization\"},\"potentialAction\":[{\"@type\":\"SearchAction\",\"target\":{\"@type\":\"EntryPoint\",\"urlTemplate\":\"https:\/\/wbagestao.com\/wbagestao\/?s={search_term_string}\"},\"query-input\":{\"@type\":\"PropertyValueSpecification\",\"valueRequired\":true,\"valueName\":\"search_term_string\"}}],\"inLanguage\":\"pt-BR\"},{\"@type\":\"Organization\",\"@id\":\"https:\/\/wbagestao.com\/wbagestao\/#organization\",\"name\":\"WBA\",\"url\":\"https:\/\/wbagestao.com\/wbagestao\/\",\"logo\":{\"@type\":\"ImageObject\",\"inLanguage\":\"pt-BR\",\"@id\":\"https:\/\/wbagestao.com\/wbagestao\/#\/schema\/logo\/image\/\",\"url\":\"https:\/\/wbagestao.com\/wbagestao\/wp-content\/uploads\/2025\/05\/logo.webp\",\"contentUrl\":\"https:\/\/wbagestao.com\/wbagestao\/wp-content\/uploads\/2025\/05\/logo.webp\",\"width\":136,\"height\":76,\"caption\":\"WBA\"},\"image\":{\"@id\":\"https:\/\/wbagestao.com\/wbagestao\/#\/schema\/logo\/image\/\"}}]}<\/script>\n<!-- \/ Yoast SEO plugin. -->","yoast_head_json":{"title":"Contato - WBA","robots":{"index":"index","follow":"follow","max-snippet":"max-snippet:-1","max-image-preview":"max-image-preview:large","max-video-preview":"max-video-preview:-1"},"canonical":"https:\/\/wbagestao.com\/wbagestao\/contato\/","og_locale":"pt_BR","og_type":"article","og_title":"Contato - WBA","og_description":"Contato Home &#8211; Fale conosco WBAGest\u00e3o Contato Mau\u00e1 Bragan\u00e7a Paulista Santos(11) 2579-5279 comercial@wbagestao.com WBAGest\u00e3o Software e Tecnologia Descubra o melhor para sua loja hoje mesmo! Fale conosco","og_url":"https:\/\/wbagestao.com\/wbagestao\/contato\/","og_site_name":"WBA","article_modified_time":"2025-12-19T18:53:29+00:00","og_image":[{"width":56,"height":56,"url":"https:\/\/wbagestao.com\/wbagestao\/wp-content\/uploads\/2025\/05\/phone-icon.webp","type":"image\/webp"}],"twitter_card":"summary_large_image","schema":{"@context":"https:\/\/schema.org","@graph":[{"@type":"WebPage","@id":"https:\/\/wbagestao.com\/wbagestao\/contato\/","url":"https:\/\/wbagestao.com\/wbagestao\/contato\/","name":"Contato - WBA","isPartOf":{"@id":"https:\/\/wbagestao.com\/wbagestao\/#website"},"primaryImageOfPage":{"@id":"https:\/\/wbagestao.com\/wbagestao\/contato\/#primaryimage"},"image":{"@id":"https:\/\/wbagestao.com\/wbagestao\/contato\/#primaryimage"},"thumbnailUrl":"https:\/\/wbagestao.com\/wbagestao\/wp-content\/uploads\/2025\/05\/phone-icon.webp","datePublished":"2025-05-05T18:21:54+00:00","dateModified":"2025-12-19T18:53:29+00:00","breadcrumb":{"@id":"https:\/\/wbagestao.com\/wbagestao\/contato\/#breadcrumb"},"inLanguage":"pt-BR","potentialAction":[{"@type":"ReadAction","target":["https:\/\/wbagestao.com\/wbagestao\/contato\/"]}]},{"@type":"ImageObject","inLanguage":"pt-BR","@id":"https:\/\/wbagestao.com\/wbagestao\/contato\/#primaryimage","url":"https:\/\/wbagestao.com\/wbagestao\/wp-content\/uploads\/2025\/05\/phone-icon.webp","contentUrl":"https:\/\/wbagestao.com\/wbagestao\/wp-content\/uploads\/2025\/05\/phone-icon.webp","width":56,"height":56},{"@type":"BreadcrumbList","@id":"https:\/\/wbagestao.com\/wbagestao\/contato\/#breadcrumb","itemListElement":[{"@type":"ListItem","position":1,"name":"Home","item":"https:\/\/wbagestao.com\/wbagestao\/"},{"@type":"ListItem","position":2,"name":"Contato"}]},{"@type":"WebSite","@id":"https:\/\/wbagestao.com\/wbagestao\/#website","url":"https:\/\/wbagestao.com\/wbagestao\/","name":"WBA","description":"","publisher":{"@id":"https:\/\/wbagestao.com\/wbagestao\/#organization"},"potentialAction":[{"@type":"SearchAction","target":{"@type":"EntryPoint","urlTemplate":"https:\/\/wbagestao.com\/wbagestao\/?s={search_term_string}"},"query-input":{"@type":"PropertyValueSpecification","valueRequired":true,"valueName":"search_term_string"}}],"inLanguage":"pt-BR"},{"@type":"Organization","@id":"https:\/\/wbagestao.com\/wbagestao\/#organization","name":"WBA","url":"https:\/\/wbagestao.com\/wbagestao\/","logo":{"@type":"ImageObject","inLanguage":"pt-BR","@id":"https:\/\/wbagestao.com\/wbagestao\/#\/schema\/logo\/image\/","url":"https:\/\/wbagestao.com\/wbagestao\/wp-content\/uploads\/2025\/05\/logo.webp","contentUrl":"https:\/\/wbagestao.com\/wbagestao\/wp-content\/uploads\/2025\/05\/logo.webp","width":136,"height":76,"caption":"WBA"},"image":{"@id":"https:\/\/wbagestao.com\/wbagestao\/#\/schema\/logo\/image\/"}}]}},"_links":{"self":[{"href":"https:\/\/wbagestao.com\/wbagestao\/wp-json\/wp\/v2\/pages\/105","targetHints":{"allow":["GET"]}}],"collection":[{"href":"https:\/\/wbagestao.com\/wbagestao\/wp-json\/wp\/v2\/pages"}],"about":[{"href":"https:\/\/wbagestao.com\/wbagestao\/wp-json\/wp\/v2\/types\/page"}],"author":[{"embeddable":true,"href":"https:\/\/wbagestao.com\/wbagestao\/wp-json\/wp\/v2\/users\/1"}],"replies":[{"embeddable":true,"href":"https:\/\/wbagestao.com\/wbagestao\/wp-json\/wp\/v2\/comments?post=105"}],"version-history":[{"count":94,"href":"https:\/\/wbagestao.com\/wbagestao\/wp-json\/wp\/v2\/pages\/105\/revisions"}],"predecessor-version":[{"id":2378,"href":"https:\/\/wbagestao.com\/wbagestao\/wp-json\/wp\/v2\/pages\/105\/revisions\/2378"}],"wp:attachment":[{"href":"https:\/\/wbagestao.com\/wbagestao\/wp-json\/wp\/v2\/media?parent=105"}],"curies":[{"name":"wp","href":"https:\/\/api.w.org\/{rel}","templated":true}]}}